{"id":5,"date":"2021-10-19T09:40:43","date_gmt":"2021-10-19T07:40:43","guid":{"rendered":"https:\/\/cardiohub-berlin.de\/?page_id=5"},"modified":"2022-08-18T10:37:48","modified_gmt":"2022-08-18T08:37:48","slug":"home","status":"publish","type":"page","link":"https:\/\/cardiohub-berlin.de\/home\/","title":{"rendered":"home"},"content":{"rendered":"\t\t<div data-elementor-type=\"wp-page\" data-elementor-id=\"5\" class=\"elementor elementor-5\" data-elementor-settings=\"[]\">\n\t\t\t\t\t\t\t<div class=\"elementor-section-wrap\">\n\t\t\t\t\t\t\t<section class=\"elementor-section elementor-top-section elementor-element elementor-element-b6587d3 elementor-section-boxed elementor-section-height-default elementor-section-height-default\" data-id=\"b6587d3\" data-element_type=\"section\">\n\t\t\t\t\t\t<div class=\"elementor-container elementor-column-gap-default\">\n\t\t\t\t\t<div class=\"elementor-column elementor-col-100 elementor-top-column elementor-element elementor-element-ea8a42c\" data-id=\"ea8a42c\" data-element_type=\"column\">\n\t\t\t<div class=\"elementor-widget-wrap elementor-element-populated\">\n\t\t\t\t\t\t\t\t<div class=\"elementor-element elementor-element-d6accd0 elementor-widget elementor-widget-spacer\" data-id=\"d6accd0\" data-element_type=\"widget\" data-widget_type=\"spacer.default\">\n\t\t\t\t<div class=\"elementor-widget-container\">\n\t\t\t\t\t<div class=\"elementor-spacer\">\n\t\t\t<div class=\"elementor-spacer-inner\"><\/div>\n\t\t<\/div>\n\t\t\t\t<\/div>\n\t\t\t\t<\/div>\n\t\t\t\t<div class=\"elementor-element elementor-element-4b04f6a elementor-widget elementor-widget-spacer\" data-id=\"4b04f6a\" data-element_type=\"widget\" data-widget_type=\"spacer.default\">\n\t\t\t\t<div class=\"elementor-widget-container\">\n\t\t\t\t\t<div class=\"elementor-spacer\">\n\t\t\t<div class=\"elementor-spacer-inner\"><\/div>\n\t\t<\/div>\n\t\t\t\t<\/div>\n\t\t\t\t<\/div>\n\t\t\t\t<div class=\"elementor-element elementor-element-57b08ca0 elementor-widget elementor-widget-heading\" data-id=\"57b08ca0\" data-element_type=\"widget\" data-widget_type=\"heading.default\">\n\t\t\t\t<div class=\"elementor-widget-container\">\n\t\t\t<h2 class=\"elementor-heading-title elementor-size-default\">Herzlich Willkommen!<\/h2>\t\t<\/div>\n\t\t\t\t<\/div>\n\t\t\t\t<div class=\"elementor-element elementor-element-eaa9e80 elementor-widget elementor-widget-spacer\" data-id=\"eaa9e80\" data-element_type=\"widget\" data-widget_type=\"spacer.default\">\n\t\t\t\t<div class=\"elementor-widget-container\">\n\t\t\t\t\t<div class=\"elementor-spacer\">\n\t\t\t<div class=\"elementor-spacer-inner\"><\/div>\n\t\t<\/div>\n\t\t\t\t<\/div>\n\t\t\t\t<\/div>\n\t\t\t\t<section class=\"elementor-section elementor-inner-section elementor-element elementor-element-c87b1fd elementor-section-boxed elementor-section-height-default elementor-section-height-default\" data-id=\"c87b1fd\" data-element_type=\"section\">\n\t\t\t\t\t\t<div class=\"elementor-container elementor-column-gap-default\">\n\t\t\t\t\t<div class=\"elementor-column elementor-col-50 elementor-inner-column elementor-element elementor-element-eccf541\" data-id=\"eccf541\" data-element_type=\"column\">\n\t\t\t<div class=\"elementor-widget-wrap elementor-element-populated\">\n\t\t\t\t\t\t\t\t<div class=\"elementor-element elementor-element-3dfe99f elementor-widget elementor-widget-text-editor\" data-id=\"3dfe99f\" data-element_type=\"widget\" data-widget_type=\"text-editor.default\">\n\t\t\t\t<div class=\"elementor-widget-container\">\n\t\t\t\t\t\t\t<p>Der Bedarf an Intersektoralen L\u00f6sungen sowohl lokal (Berlin) als auch international w\u00e4chst rasant. Die erfolgreiche Akquise von CardioHub Partnern stellt das unter Beweis. Das CardioHub Berlin erm\u00f6glicht erstmalig jeder beteiligten Einrichtung patientenbezogene Daten bidirektional auszutauschen.<\/p><p>Bestehende Insell\u00f6sungen in Berlin werden einheitlich vernetzt. Zur Daten\u00fcbertragung sind dabei gleichberechtigt mehrere sichere Wege m\u00f6glich, um s\u00e4mtliche Prozessbeteiligte diskriminierungsfrei teilhaben lassen zu k\u00f6nnen.<\/p><p>Damit wurde der Weg zur Anbindung von Einrichtungen aus den Quellm\u00e4rkten des Medizintourismus ge\u00f6ffnet.<\/p>\t\t\t\t\t\t<\/div>\n\t\t\t\t<\/div>\n\t\t\t\t\t<\/div>\n\t\t<\/div>\n\t\t\t\t<div class=\"elementor-column elementor-col-50 elementor-inner-column elementor-element elementor-element-3b306bd\" data-id=\"3b306bd\" data-element_type=\"column\">\n\t\t\t<div class=\"elementor-widget-wrap elementor-element-populated\">\n\t\t\t\t\t\t\t\t<div class=\"elementor-element elementor-element-cf4e5bf elementor-widget elementor-widget-text-editor\" data-id=\"cf4e5bf\" data-element_type=\"widget\" data-widget_type=\"text-editor.default\">\n\t\t\t\t<div class=\"elementor-widget-container\">\n\t\t\t\t\t\t\t<p>Die Bearbeitung eines Falles im Hub erfolgt mit dem Ziel, ein gemeinsames Fallverst\u00e4ndnis zu finden, die Ziele des Behandlungs- oder Betreuungsprozesses, sowie die Rollen und Verantwortlichkeiten zu definieren.<\/p><p>Eine komplexe medizinische Fragestellung wird interdisziplin\u00e4r und multiprofessionell beantwortet und die erfolgreiche Nachbehandlung im ambulanten Bereich oder im Quellenland wird durch das CardioHub sichergestellt.<\/p><p>Diese Projekt wurde in 2017 begonnen und Ende 2018 in den produktiven Betrieb gestellt. Erm\u00f6glicht wurde es u.a. durch eine anteilge F\u00f6rderung der Senatsverwaltung f\u00fcr Wirtschaft, Energie und Betriebe des Landes Berlin.<\/p>\t\t\t\t\t\t<\/div>\n\t\t\t\t<\/div>\n\t\t\t\t\t<\/div>\n\t\t<\/div>\n\t\t\t\t\t\t\t<\/div>\n\t\t<\/section>\n\t\t\t\t<div class=\"elementor-element elementor-element-246951e elementor-widget elementor-widget-spacer\" data-id=\"246951e\" data-element_type=\"widget\" data-widget_type=\"spacer.default\">\n\t\t\t\t<div class=\"elementor-widget-container\">\n\t\t\t\t\t<div class=\"elementor-spacer\">\n\t\t\t<div class=\"elementor-spacer-inner\"><\/div>\n\t\t<\/div>\n\t\t\t\t<\/div>\n\t\t\t\t<\/div>\n\t\t\t\t<div class=\"elementor-element elementor-element-aa24072 elementor-widget elementor-widget-text-editor\" data-id=\"aa24072\" data-element_type=\"widget\" data-widget_type=\"text-editor.default\">\n\t\t\t\t<div class=\"elementor-widget-container\">\n\t\t\t\t\t\t\t<p>Kontakt:<\/p><p>\u00a0<\/p><p>Falk Erzgr\u00e4ber<\/p><p>admin@medizinische-netzwerke.net<\/p><p>falk.erzgraeber@charite.de<\/p><p>0173 195 4990<\/p>\t\t\t\t\t\t<\/div>\n\t\t\t\t<\/div>\n\t\t\t\t\t<\/div>\n\t\t<\/div>\n\t\t\t\t\t\t\t<\/div>\n\t\t<\/section>\n\t\t\t\t<section class=\"elementor-section elementor-top-section elementor-element elementor-element-4419df7f elementor-section-boxed elementor-section-height-default elementor-section-height-default\" data-id=\"4419df7f\" data-element_type=\"section\">\n\t\t\t\t\t\t<div class=\"elementor-container elementor-column-gap-default\">\n\t\t\t\t\t<div class=\"elementor-column elementor-col-100 elementor-top-column elementor-element elementor-element-24594aa0\" data-id=\"24594aa0\" data-element_type=\"column\">\n\t\t\t<div class=\"elementor-widget-wrap elementor-element-populated\">\n\t\t\t\t\t\t\t\t<div class=\"elementor-element elementor-element-3fb299f9 elementor-widget elementor-widget-spacer\" data-id=\"3fb299f9\" data-element_type=\"widget\" data-widget_type=\"spacer.default\">\n\t\t\t\t<div class=\"elementor-widget-container\">\n\t\t\t\t\t<div class=\"elementor-spacer\">\n\t\t\t<div class=\"elementor-spacer-inner\"><\/div>\n\t\t<\/div>\n\t\t\t\t<\/div>\n\t\t\t\t<\/div>\n\t\t\t\t\t<\/div>\n\t\t<\/div>\n\t\t\t\t\t\t\t<\/div>\n\t\t<\/section>\n\t\t\t\t\t\t<\/div>\n\t\t\t\t\t<\/div>\n\t\t","protected":false},"excerpt":{"rendered":"<p>Herzlich Willkommen! Der Bedarf an Intersektoralen L\u00f6sungen sowohl lokal (Berlin) als auch international w\u00e4chst rasant. Die erfolgreiche Akquise von CardioHub Partnern stellt das unter Beweis. Das CardioHub Berlin erm\u00f6glicht erstmalig jeder beteiligten Einrichtung patientenbezogene Daten bidirektional auszutauschen. Bestehende Insell\u00f6sungen in Berlin werden einheitlich vernetzt. Zur Daten\u00fcbertragung sind dabei gleichberechtigt mehrere sichere Wege m\u00f6glich, um s\u00e4mtliche&hellip; <a class=\"more-link\" href=\"https:\/\/cardiohub-berlin.de\/home\/\"><span class=\"screen-reader-text\">home<\/span> weiterlesen<\/a><\/p>\n","protected":false},"author":1,"featured_media":0,"parent":0,"menu_order":0,"comment_status":"closed","ping_status":"closed","template":"elementor_header_footer","meta":{"footnotes":""},"class_list":["post-5","page","type-page","status-publish","hentry","entry"],"_links":{"self":[{"href":"https:\/\/cardiohub-berlin.de\/home\/wp-json\/wp\/v2\/pages\/5","targetHints":{"allow":["GET"]}}],"collection":[{"href":"https:\/\/cardiohub-berlin.de\/home\/wp-json\/wp\/v2\/pages"}],"about":[{"href":"https:\/\/cardiohub-berlin.de\/home\/wp-json\/wp\/v2\/types\/page"}],"author":[{"embeddable":true,"href":"https:\/\/cardiohub-berlin.de\/home\/wp-json\/wp\/v2\/users\/1"}],"replies":[{"embeddable":true,"href":"https:\/\/cardiohub-berlin.de\/home\/wp-json\/wp\/v2\/comments?post=5"}],"version-history":[{"count":10,"href":"https:\/\/cardiohub-berlin.de\/home\/wp-json\/wp\/v2\/pages\/5\/revisions"}],"predecessor-version":[{"id":207,"href":"https:\/\/cardiohub-berlin.de\/home\/wp-json\/wp\/v2\/pages\/5\/revisions\/207"}],"wp:attachment":[{"href":"https:\/\/cardiohub-berlin.de\/home\/wp-json\/wp\/v2\/media?parent=5"}],"curies":[{"name":"wp","href":"https:\/\/api.w.org\/{rel}","templated":true}]}}