{"id":114,"date":"2022-08-18T09:47:19","date_gmt":"2022-08-18T07:47:19","guid":{"rendered":"https:\/\/cardiohub-berlin.de\/home\/?page_id=114"},"modified":"2022-08-18T09:51:08","modified_gmt":"2022-08-18T07:51:08","slug":"ausgangssituation","status":"publish","type":"page","link":"https:\/\/cardiohub-berlin.de\/home\/ausgangssituation\/","title":{"rendered":"ausgangssituation"},"content":{"rendered":"\t\t<div data-elementor-type=\"wp-page\" data-elementor-id=\"114\" class=\"elementor elementor-114\" data-elementor-settings=\"[]\">\n\t\t\t\t\t\t\t<div class=\"elementor-section-wrap\">\n\t\t\t\t\t\t\t<section class=\"elementor-section elementor-top-section elementor-element elementor-element-a87b635 elementor-section-boxed elementor-section-height-default elementor-section-height-default\" data-id=\"a87b635\" data-element_type=\"section\">\n\t\t\t\t\t\t<div class=\"elementor-container elementor-column-gap-default\">\n\t\t\t\t\t<div class=\"elementor-column elementor-col-100 elementor-top-column elementor-element elementor-element-d5c0433\" data-id=\"d5c0433\" data-element_type=\"column\">\n\t\t\t<div class=\"elementor-widget-wrap elementor-element-populated\">\n\t\t\t\t\t\t\t\t<div class=\"elementor-element elementor-element-19c334e elementor-widget elementor-widget-spacer\" data-id=\"19c334e\" data-element_type=\"widget\" data-widget_type=\"spacer.default\">\n\t\t\t\t<div class=\"elementor-widget-container\">\n\t\t\t\t\t<div class=\"elementor-spacer\">\n\t\t\t<div class=\"elementor-spacer-inner\"><\/div>\n\t\t<\/div>\n\t\t\t\t<\/div>\n\t\t\t\t<\/div>\n\t\t\t\t<div class=\"elementor-element elementor-element-4e2d3a2 elementor-widget elementor-widget-heading\" data-id=\"4e2d3a2\" data-element_type=\"widget\" data-widget_type=\"heading.default\">\n\t\t\t\t<div class=\"elementor-widget-container\">\n\t\t\t<h2 class=\"elementor-heading-title elementor-size-default\">Ausgangssituation<\/h2>\t\t<\/div>\n\t\t\t\t<\/div>\n\t\t\t\t\t<\/div>\n\t\t<\/div>\n\t\t\t\t\t\t\t<\/div>\n\t\t<\/section>\n\t\t\t\t<section class=\"elementor-section elementor-top-section elementor-element elementor-element-9b84692 elementor-section-boxed elementor-section-height-default elementor-section-height-default\" data-id=\"9b84692\" data-element_type=\"section\">\n\t\t\t\t\t\t<div class=\"elementor-container elementor-column-gap-default\">\n\t\t\t\t\t<div class=\"elementor-column elementor-col-100 elementor-top-column elementor-element elementor-element-10e5613\" data-id=\"10e5613\" data-element_type=\"column\">\n\t\t\t<div class=\"elementor-widget-wrap elementor-element-populated\">\n\t\t\t\t\t\t\t\t<section class=\"elementor-section elementor-inner-section elementor-element elementor-element-2a68e52 elementor-section-boxed elementor-section-height-default elementor-section-height-default\" data-id=\"2a68e52\" data-element_type=\"section\">\n\t\t\t\t\t\t<div class=\"elementor-container elementor-column-gap-default\">\n\t\t\t\t\t<div class=\"elementor-column elementor-col-50 elementor-inner-column elementor-element elementor-element-b246212\" data-id=\"b246212\" data-element_type=\"column\">\n\t\t\t<div class=\"elementor-widget-wrap elementor-element-populated\">\n\t\t\t\t\t\t\t\t<div class=\"elementor-element elementor-element-f08aeee elementor-widget elementor-widget-text-editor\" data-id=\"f08aeee\" data-element_type=\"widget\" data-widget_type=\"text-editor.default\">\n\t\t\t\t<div class=\"elementor-widget-container\">\n\t\t\t\t\t\t\t<p>Berlin stellt sich den Herausforderungen der <b>Digitalisierung<\/b> und der vernetzten Medizin, und sichert sich den Anschluss an die internationale Entwicklung im Gesundheitswesen.<\/p><p>Alle Beteiligte im Behandlungsprozess sehen den Bedarf einer zeitgerechten <b>Kommunikationsplattform<\/b>.<\/p><p>Eine sichere und verl\u00e4ssliche Vernetzung der Beteiligten und die damit verbundene zweckkonforme Speicherung und zielgenaue \u00dcbertragung von Informationen muss diese Plattform erm\u00f6glichen. Dies trifft f\u00fcr alle Fachdisziplinen zu.<\/p>\t\t\t\t\t\t<\/div>\n\t\t\t\t<\/div>\n\t\t\t\t\t<\/div>\n\t\t<\/div>\n\t\t\t\t<div class=\"elementor-column elementor-col-50 elementor-inner-column elementor-element elementor-element-15faaaf\" data-id=\"15faaaf\" data-element_type=\"column\">\n\t\t\t<div class=\"elementor-widget-wrap elementor-element-populated\">\n\t\t\t\t\t\t\t\t<div class=\"elementor-element elementor-element-60cd5a6 elementor-widget elementor-widget-text-editor\" data-id=\"60cd5a6\" data-element_type=\"widget\" data-widget_type=\"text-editor.default\">\n\t\t\t\t<div class=\"elementor-widget-container\">\n\t\t\t\t\t\t\t<p>Als Pilotprojekt bietet sich der Bereich <b>Kardiologie <\/b>an. Hier ist der Digitalisierungsgrad bereits sehr hoch\u00a0 und die Offenheit der Partner f\u00fcr innovative L\u00f6sungen sehr ausgepr\u00e4gt.<\/p><p>Sie streben daher eine effiziente und sichere\u00a0 Unterst\u00fctzung ihrer sektoren\u00fcbergreifenden Versorgungsstrukturen durch eine eHealth-Plattform, dem <b>CardioHub<\/b><b> Berlin<\/b>, an. Dieser ist flexibel und skalierbar ausgerichtet, um insbesondere den Anschluss weiterer Partner zu erm\u00f6glichen.<\/p>\t\t\t\t\t\t<\/div>\n\t\t\t\t<\/div>\n\t\t\t\t\t<\/div>\n\t\t<\/div>\n\t\t\t\t\t\t\t<\/div>\n\t\t<\/section>\n\t\t\t\t\t<\/div>\n\t\t<\/div>\n\t\t\t\t\t\t\t<\/div>\n\t\t<\/section>\n\t\t\t\t<section class=\"elementor-section elementor-top-section elementor-element elementor-element-063bc3d elementor-section-boxed elementor-section-height-default elementor-section-height-default\" data-id=\"063bc3d\" data-element_type=\"section\">\n\t\t\t\t\t\t<div class=\"elementor-container elementor-column-gap-default\">\n\t\t\t\t\t<div class=\"elementor-column elementor-col-100 elementor-top-column elementor-element elementor-element-d43d43c\" data-id=\"d43d43c\" data-element_type=\"column\">\n\t\t\t<div class=\"elementor-widget-wrap elementor-element-populated\">\n\t\t\t\t\t\t\t\t<div class=\"elementor-element elementor-element-b7efab4 elementor-widget elementor-widget-spacer\" data-id=\"b7efab4\" data-element_type=\"widget\" data-widget_type=\"spacer.default\">\n\t\t\t\t<div class=\"elementor-widget-container\">\n\t\t\t\t\t<div class=\"elementor-spacer\">\n\t\t\t<div class=\"elementor-spacer-inner\"><\/div>\n\t\t<\/div>\n\t\t\t\t<\/div>\n\t\t\t\t<\/div>\n\t\t\t\t\t<\/div>\n\t\t<\/div>\n\t\t\t\t\t\t\t<\/div>\n\t\t<\/section>\n\t\t\t\t\t\t<\/div>\n\t\t\t\t\t<\/div>\n\t\t","protected":false},"excerpt":{"rendered":"<p>Ausgangssituation Berlin stellt sich den Herausforderungen der Digitalisierung und der vernetzten Medizin, und sichert sich den Anschluss an die internationale Entwicklung im Gesundheitswesen. Alle Beteiligte im Behandlungsprozess sehen den Bedarf einer zeitgerechten Kommunikationsplattform. Eine sichere und verl\u00e4ssliche Vernetzung der Beteiligten und die damit verbundene zweckkonforme Speicherung und zielgenaue \u00dcbertragung von Informationen muss diese Plattform erm\u00f6glichen.&hellip; <a class=\"more-link\" href=\"https:\/\/cardiohub-berlin.de\/home\/ausgangssituation\/\"><span class=\"screen-reader-text\">ausgangssituation<\/span> weiterlesen<\/a><\/p>\n","protected":false},"author":1,"featured_media":0,"parent":0,"menu_order":0,"comment_status":"closed","ping_status":"closed","template":"elementor_header_footer","meta":{"footnotes":""},"class_list":["post-114","page","type-page","status-publish","hentry","entry"],"_links":{"self":[{"href":"https:\/\/cardiohub-berlin.de\/home\/wp-json\/wp\/v2\/pages\/114","targetHints":{"allow":["GET"]}}],"collection":[{"href":"https:\/\/cardiohub-berlin.de\/home\/wp-json\/wp\/v2\/pages"}],"about":[{"href":"https:\/\/cardiohub-berlin.de\/home\/wp-json\/wp\/v2\/types\/page"}],"author":[{"embeddable":true,"href":"https:\/\/cardiohub-berlin.de\/home\/wp-json\/wp\/v2\/users\/1"}],"replies":[{"embeddable":true,"href":"https:\/\/cardiohub-berlin.de\/home\/wp-json\/wp\/v2\/comments?post=114"}],"version-history":[{"count":10,"href":"https:\/\/cardiohub-berlin.de\/home\/wp-json\/wp\/v2\/pages\/114\/revisions"}],"predecessor-version":[{"id":126,"href":"https:\/\/cardiohub-berlin.de\/home\/wp-json\/wp\/v2\/pages\/114\/revisions\/126"}],"wp:attachment":[{"href":"https:\/\/cardiohub-berlin.de\/home\/wp-json\/wp\/v2\/media?parent=114"}],"curies":[{"name":"wp","href":"https:\/\/api.w.org\/{rel}","templated":true}]}}